{"id":3020,"date":"2021-07-26T12:53:08","date_gmt":"2021-07-26T11:53:08","guid":{"rendered":"https:\/\/dxingenieria.com\/our-staff\/"},"modified":"2021-07-27T11:01:27","modified_gmt":"2021-07-27T10:01:27","slug":"our-staff","status":"publish","type":"page","link":"https:\/\/dxingenieria.com\/en\/our-staff\/","title":{"rendered":"Staff"},"content":{"rendered":"<p>[et_pb_section fb_built=&#8221;1&#8243; _builder_version=&#8221;3.22&#8243;][et_pb_row _builder_version=&#8221;3.25&#8243; background_size=&#8221;initial&#8221; background_position=&#8221;top_left&#8221; background_repeat=&#8221;repeat&#8221;][et_pb_column type=&#8221;4_4&#8243; _builder_version=&#8221;3.25&#8243; custom_padding=&#8221;|||&#8221; custom_padding__hover=&#8221;|||&#8221;][et_pb_text admin_label=&#8221;Presentaci\u00f3n&#8221; _builder_version=&#8221;4.9.10&#8243; hover_enabled=&#8221;0&#8243; sticky_enabled=&#8221;0&#8243;]<\/p>\n<h2>Staff<\/h2>\n<p>[\/et_pb_text][et_pb_text admin_label=&#8221;Presentaci\u00f3n&#8221; _builder_version=&#8221;3.27.4&#8243;]<\/p>\n<p><em>DXIngenier\u00eda<\/em> is formed by a solid team of professionals with a wide professional and multidisciplinary background. We have agronomists, computer engineers, surveyors, etc.. Our extensive professional experience in agronomy, civil engineering and research and development allows us to address with absolute confidence the technical and scientific problems posed by our clients. With a knowledge and practice always updated, we offer the appropriate response to each scenario.<\/p>\n<p>[\/et_pb_text][et_pb_text admin_label=&#8221;T\u00edtulo: nuestros profesionales&#8221; _builder_version=&#8221;3.27.4&#8243;]<\/p>\n<p>&nbsp;<\/p>\n<h3>Our professional staff<\/h3>\n<p>[\/et_pb_text][\/et_pb_column][\/et_pb_row][et_pb_row _builder_version=&#8221;3.25&#8243; background_size=&#8221;initial&#8221; background_position=&#8221;top_left&#8221; background_repeat=&#8221;repeat&#8221; column_structure=&#8221;1_4,1_4,1_4,1_4&#8243;][et_pb_column type=&#8221;1_4&#8243; _builder_version=&#8221;3.25&#8243; custom_padding=&#8221;|||&#8221; custom_padding__hover=&#8221;|||&#8221;][et_pb_team_member name=&#8221;C. Seraf\u00edn L\u00f3pez Dom\u00ednguez&#8221; position=&#8221;CEO, Co-founder&#8221; image_url=&#8221;https:\/\/dxingenieria.com\/wp-content\/uploads\/2018\/02\/foto-serafin.jpg&#8221; admin_label=&#8221;Seraf\u00edn&#8221; _builder_version=&#8221;3.0.92&#8243;]<\/p>\n<p>Agronomist Engineer EXMBA by IE<\/p>\n<p>[\/et_pb_team_member][\/et_pb_column][et_pb_column type=&#8221;1_4&#8243; _builder_version=&#8221;3.25&#8243; custom_padding=&#8221;|||&#8221; custom_padding__hover=&#8221;|||&#8221;][et_pb_team_member name=&#8221;J. Rom\u00e1n Bilbao Castro&#8221; position=&#8221;CTO, Co-founder&#8221; image_url=&#8221;https:\/\/dxingenieria.com\/wp-content\/uploads\/2018\/02\/foto-roman.png&#8221; admin_label=&#8221;Rom\u00e1n&#8221; _builder_version=&#8221;3.0.92&#8243;]<\/p>\n<p>Computer Scientist PhD by UAL<\/p>\n<p>[\/et_pb_team_member][\/et_pb_column][et_pb_column type=&#8221;1_4&#8243; _builder_version=&#8221;3.25&#8243; custom_padding=&#8221;|||&#8221; custom_padding__hover=&#8221;|||&#8221;][\/et_pb_column][et_pb_column type=&#8221;1_4&#8243; _builder_version=&#8221;3.25&#8243; custom_padding=&#8221;|||&#8221; custom_padding__hover=&#8221;|||&#8221;][\/et_pb_column][\/et_pb_row][\/et_pb_section]<\/p>\n","protected":false},"excerpt":{"rendered":"<p>StaffDXIngenier\u00eda is formed by a solid team of professionals with a wide professional and multidisciplinary background. We have agronomists, computer engineers, surveyors, etc.. Our extensive professional experience in agronomy, civil engineering and research and development allows us to address with absolute confidence the technical and scientific problems posed by our clients. With a knowledge and [&hellip;]<\/p>\n","protected":false},"author":1,"featured_media":0,"parent":0,"menu_order":0,"comment_status":"closed","ping_status":"closed","template":"","meta":{"_et_pb_use_builder":"on","_et_pb_old_content":"","_et_gb_content_width":"","footnotes":""},"class_list":["post-3020","page","type-page","status-publish","hentry"],"_links":{"self":[{"href":"https:\/\/dxingenieria.com\/en\/wp-json\/wp\/v2\/pages\/3020","targetHints":{"allow":["GET"]}}],"collection":[{"href":"https:\/\/dxingenieria.com\/en\/wp-json\/wp\/v2\/pages"}],"about":[{"href":"https:\/\/dxingenieria.com\/en\/wp-json\/wp\/v2\/types\/page"}],"author":[{"embeddable":true,"href":"https:\/\/dxingenieria.com\/en\/wp-json\/wp\/v2\/users\/1"}],"replies":[{"embeddable":true,"href":"https:\/\/dxingenieria.com\/en\/wp-json\/wp\/v2\/comments?post=3020"}],"version-history":[{"count":7,"href":"https:\/\/dxingenieria.com\/en\/wp-json\/wp\/v2\/pages\/3020\/revisions"}],"predecessor-version":[{"id":3109,"href":"https:\/\/dxingenieria.com\/en\/wp-json\/wp\/v2\/pages\/3020\/revisions\/3109"}],"wp:attachment":[{"href":"https:\/\/dxingenieria.com\/en\/wp-json\/wp\/v2\/media?parent=3020"}],"curies":[{"name":"wp","href":"https:\/\/api.w.org\/{rel}","templated":true}]}}